{"id":158,"date":"2019-07-20T17:07:09","date_gmt":"2019-07-20T16:07:09","guid":{"rendered":"http:\/\/www.lommabridgen.se\/wordpress\/?page_id=158"},"modified":"2019-07-20T17:07:09","modified_gmt":"2019-07-20T16:07:09","slug":"hitta-hit","status":"publish","type":"page","link":"https:\/\/www.lommabridgen.se\/wordpress\/hitta-hit\/","title":{"rendered":"Hitta hit"},"content":{"rendered":"\n<h2 class=\"wp-block-heading\">V\u00e5r spellokal ligger i &#8221;Havsblick&#8221;<\/h2>\n\n\n\n<p>Adressen \u00e4r Centrumgatan 4 i Lomma.<\/p>\n\n\n\n<p>Parkeringsplatser finns i begr\u00e4nsad omfattning framf\u00f6r Havsblick \noch p\u00e5 gatan utanf\u00f6r. P\u00e5 parkeringsplatserna framf\u00f6r Hemk\u00f6p och bakom \nCoop finns alltid platser. T\u00e4nk p\u00e5 att parkeringsskiva beh\u00f6vs.<\/p>\n\n\n\n<p>Vi bevakar huvuding\u00e5ngen fram till spelstart s\u00e5 att du blir \ninsl\u00e4ppt. Skulle ingen finnas som kan sl\u00e4ppa in dig: g\u00e5 runt huset och \nknacka p\u00e5 f\u00f6nster till spellokalen, s\u00e5 sl\u00e4pper vi in dig d\u00e4r.<\/p>\n\n\n\n<figure class=\"wp-block-image\"><img decoding=\"async\" src=\"http:\/\/www.lommabridgen.se\/Bilder\/Lommakarta.jpg\" alt=\"Lommakarta\"\/><\/figure>\n\n\n\n<p class=\"has-text-color has-background has-drop-cap has-purple-color has-light-blue-background-color\"><br>\n      Visa <a href=\"http:\/\/maps.google.com\/maps\/ms?ie=UTF8&amp;hl=sv&amp;msa=0&amp;msid=102064236234065322087.0004967243cd1ab1e9227&amp;ll=55.672841,13.068752&amp;spn=0.005772,0.013733&amp;z=16&amp;source=embed\">Lomma<\/a> p\u00e5 en st\u00f6rre karta<\/p>\n","protected":false},"excerpt":{"rendered":"<p>V\u00e5r spellokal ligger i &#8221;Havsblick&#8221; Adressen \u00e4r Centrumgatan 4 i Lomma. Parkeringsplatser finns i begr\u00e4nsad omfattning framf\u00f6r Havsblick och p\u00e5 gatan utanf\u00f6r. P\u00e5 [&hellip;]<\/p>\n","protected":false},"author":1,"featured_media":0,"parent":0,"menu_order":0,"comment_status":"closed","ping_status":"closed","template":"","meta":{"footnotes":""},"class_list":["post-158","page","type-page","status-publish","hentry"],"_links":{"self":[{"href":"https:\/\/www.lommabridgen.se\/wordpress\/wp-json\/wp\/v2\/pages\/158","targetHints":{"allow":["GET"]}}],"collection":[{"href":"https:\/\/www.lommabridgen.se\/wordpress\/wp-json\/wp\/v2\/pages"}],"about":[{"href":"https:\/\/www.lommabridgen.se\/wordpress\/wp-json\/wp\/v2\/types\/page"}],"author":[{"embeddable":true,"href":"https:\/\/www.lommabridgen.se\/wordpress\/wp-json\/wp\/v2\/users\/1"}],"replies":[{"embeddable":true,"href":"https:\/\/www.lommabridgen.se\/wordpress\/wp-json\/wp\/v2\/comments?post=158"}],"version-history":[{"count":2,"href":"https:\/\/www.lommabridgen.se\/wordpress\/wp-json\/wp\/v2\/pages\/158\/revisions"}],"predecessor-version":[{"id":448,"href":"https:\/\/www.lommabridgen.se\/wordpress\/wp-json\/wp\/v2\/pages\/158\/revisions\/448"}],"wp:attachment":[{"href":"https:\/\/www.lommabridgen.se\/wordpress\/wp-json\/wp\/v2\/media?parent=158"}],"curies":[{"name":"wp","href":"https:\/\/api.w.org\/{rel}","templated":true}]}}