{"id":21,"date":"2017-02-25T17:54:31","date_gmt":"2017-02-25T16:54:31","guid":{"rendered":"http:\/\/www.lommabridgen.se\/wordpress\/?page_id=21"},"modified":"2019-07-21T12:36:47","modified_gmt":"2019-07-21T11:36:47","slug":"hej-hopp","status":"publish","type":"page","link":"https:\/\/www.lommabridgen.se\/wordpress\/hej-hopp\/","title":{"rendered":"Att t\u00e4nka p\u00e5"},"content":{"rendered":"\n<h3 class=\"wp-block-heading\">Ny   t\u00e4vlingstelefon<\/h3>\n\n\n\n<p class=\"has-background has-light-gray-background-color\">Vi har skaffat en ny t\u00e4vlingstelefon, som \u00e4r ig\u00e5ng fr\u00e5n ca tre kvart innan t\u00e4vlingsstart.<br><strong><em>0793-412831<\/em><\/strong><br>Ring om du tex \u00e4r f\u00f6rsenad.        <\/p>\n\n\n\n<h3 class=\"wp-block-heading\">Deklarationskort<\/h3>\n\n\n\n<p style=\"background-color:#ffff04\" class=\"has-background\">Deklarationskort skall anv\u00e4ndas av alla. Gl\u00f6m inte att skriva in ditt MID-nr, det kommer att beh\u00f6vas. Har su problem att uppr\u00e4tta deklarationskort s\u00e5 hj\u00e4lper klubbens funktion\u00e4rer g\u00e4rna till<\/p>\n\n\n\n<h3 class=\"wp-block-heading\">Alert- och Stoppkort<\/h3>\n\n\n\n<p class=\"has-background has-light-gray-background-color\">Alert och Stoppkort skall anv\u00e4ndas vid alla t\u00e4vlingar.<\/p>\n\n\n\n<h3 class=\"wp-block-heading\">Nyheter etc<\/h3>\n\n\n\n<p style=\"background-color:#ffff00\" class=\"has-background\">Numera meddelar vi nyheter och t\u00e4vlingsprogram mm p\u00e5 v\u00e5r <a href=\"http:\/\/www.svenskbridge.se\/lomma-bk\">hemsida hos Bridgef\u00f6rbundet<\/a>. Detta f\u00f6r att undvika dubbelarbete och eventuellt motstridiga uppgifter. <a href=\"http:\/\/www.svenskbridge.se\/lomma-bk\">Klicka h\u00e4r, s\u00e5 kommer du dit.<\/a><\/p>\n","protected":false},"excerpt":{"rendered":"<p>Ny t\u00e4vlingstelefon Vi har skaffat en ny t\u00e4vlingstelefon, som \u00e4r ig\u00e5ng fr\u00e5n ca tre kvart innan t\u00e4vlingsstart.0793-412831Ring om du tex \u00e4r f\u00f6rsenad. Deklarationskort [&hellip;]<\/p>\n","protected":false},"author":1,"featured_media":0,"parent":0,"menu_order":0,"comment_status":"closed","ping_status":"closed","template":"","meta":{"footnotes":""},"class_list":["post-21","page","type-page","status-publish","hentry"],"_links":{"self":[{"href":"https:\/\/www.lommabridgen.se\/wordpress\/wp-json\/wp\/v2\/pages\/21","targetHints":{"allow":["GET"]}}],"collection":[{"href":"https:\/\/www.lommabridgen.se\/wordpress\/wp-json\/wp\/v2\/pages"}],"about":[{"href":"https:\/\/www.lommabridgen.se\/wordpress\/wp-json\/wp\/v2\/types\/page"}],"author":[{"embeddable":true,"href":"https:\/\/www.lommabridgen.se\/wordpress\/wp-json\/wp\/v2\/users\/1"}],"replies":[{"embeddable":true,"href":"https:\/\/www.lommabridgen.se\/wordpress\/wp-json\/wp\/v2\/comments?post=21"}],"version-history":[{"count":4,"href":"https:\/\/www.lommabridgen.se\/wordpress\/wp-json\/wp\/v2\/pages\/21\/revisions"}],"predecessor-version":[{"id":176,"href":"https:\/\/www.lommabridgen.se\/wordpress\/wp-json\/wp\/v2\/pages\/21\/revisions\/176"}],"wp:attachment":[{"href":"https:\/\/www.lommabridgen.se\/wordpress\/wp-json\/wp\/v2\/media?parent=21"}],"curies":[{"name":"wp","href":"https:\/\/api.w.org\/{rel}","templated":true}]}}