{"id":278,"date":"2021-08-24T14:41:27","date_gmt":"2021-08-24T13:41:27","guid":{"rendered":"https:\/\/www.lommabridgen.se\/wordpress\/?page_id=278"},"modified":"2021-08-24T14:51:15","modified_gmt":"2021-08-24T13:51:15","slug":"anmalan-via-natet","status":"publish","type":"page","link":"https:\/\/www.lommabridgen.se\/wordpress\/anmalan-via-natet\/","title":{"rendered":"Anm\u00e4lan via n\u00e4tet"},"content":{"rendered":"\n<p>Fr\u00e5n h\u00f6stterminen 2021 \u00f6nskar vi att ni anm\u00e4ler er till t\u00e4vlingarna via n\u00e4tet.<\/p>\n\n\n\n<p>S\u00e5 h\u00e4r g\u00f6r man:<br>Logga in p\u00e5 Bridgef\u00f6rbundets hemsida: <a href=\"http:\/\/www.svenskbridge.se\/user\">http:\/\/www.svenskbridge.se\/user<\/a>, och g\u00e5 sedan till kalendern: <a href=\"http:\/\/www.svenskbridge.se\/\/node\/7654\/kalender\">http:\/\/www.svenskbridge.se\/\/node\/7654\/kalender<\/a><\/p>\n\n\n\n<div class=\"wp-block-image is-style-default\"><figure class=\"aligncenter size-large is-resized\"><img loading=\"lazy\" decoding=\"async\" src=\"https:\/\/www.lommabridgen.se\/wordpress\/wp-content\/uploads\/2021\/08\/Skarmbild-2021-08-24-154833-1024x787.jpg\" alt=\"\" class=\"wp-image-289\" width=\"448\" height=\"344\" srcset=\"https:\/\/www.lommabridgen.se\/wordpress\/wp-content\/uploads\/2021\/08\/Skarmbild-2021-08-24-154833-1024x787.jpg 1024w, https:\/\/www.lommabridgen.se\/wordpress\/wp-content\/uploads\/2021\/08\/Skarmbild-2021-08-24-154833-300x231.jpg 300w, https:\/\/www.lommabridgen.se\/wordpress\/wp-content\/uploads\/2021\/08\/Skarmbild-2021-08-24-154833-768x590.jpg 768w, https:\/\/www.lommabridgen.se\/wordpress\/wp-content\/uploads\/2021\/08\/Skarmbild-2021-08-24-154833.jpg 1207w\" sizes=\"auto, (max-width: 448px) 100vw, 448px\" \/><figcaption>Klicka p\u00e5 aktuell t\u00e4vling<\/figcaption><\/figure><\/div>\n\n\n\n<div class=\"wp-block-image\"><figure class=\"aligncenter size-full is-resized\"><img loading=\"lazy\" decoding=\"async\" src=\"https:\/\/www.lommabridgen.se\/wordpress\/wp-content\/uploads\/2021\/08\/Skarmbild-2021-08-24-145602.jpg\" alt=\"\" class=\"wp-image-281\" width=\"446\" height=\"421\" srcset=\"https:\/\/www.lommabridgen.se\/wordpress\/wp-content\/uploads\/2021\/08\/Skarmbild-2021-08-24-145602.jpg 958w, https:\/\/www.lommabridgen.se\/wordpress\/wp-content\/uploads\/2021\/08\/Skarmbild-2021-08-24-145602-300x284.jpg 300w, https:\/\/www.lommabridgen.se\/wordpress\/wp-content\/uploads\/2021\/08\/Skarmbild-2021-08-24-145602-768x726.jpg 768w\" sizes=\"auto, (max-width: 446px) 100vw, 446px\" \/><figcaption>Klicka p\u00e5 anm\u00e4l<\/figcaption><\/figure><\/div>\n\n\n\n<div class=\"wp-block-image\"><figure class=\"aligncenter size-full is-resized\"><img loading=\"lazy\" decoding=\"async\" src=\"https:\/\/www.lommabridgen.se\/wordpress\/wp-content\/uploads\/2021\/08\/Skarmbild-2021-08-24-145721.jpg\" alt=\"\" class=\"wp-image-280\" width=\"504\" height=\"497\" srcset=\"https:\/\/www.lommabridgen.se\/wordpress\/wp-content\/uploads\/2021\/08\/Skarmbild-2021-08-24-145721.jpg 855w, https:\/\/www.lommabridgen.se\/wordpress\/wp-content\/uploads\/2021\/08\/Skarmbild-2021-08-24-145721-300x296.jpg 300w, https:\/\/www.lommabridgen.se\/wordpress\/wp-content\/uploads\/2021\/08\/Skarmbild-2021-08-24-145721-768x757.jpg 768w\" sizes=\"auto, (max-width: 504px) 100vw, 504px\" \/><figcaption>Ditt eget namn \u00e4r f\u00f6r redan ifyllt, f\u00f6r in\/v\u00e4lj partnerns namn, klicka p\u00e5 skicka<\/figcaption><\/figure><\/div>\n\n\n\n<div class=\"wp-block-image\"><figure class=\"aligncenter size-full is-resized\"><img loading=\"lazy\" decoding=\"async\" src=\"https:\/\/www.lommabridgen.se\/wordpress\/wp-content\/uploads\/2021\/08\/Skarmbild-2021-08-24-145809.jpg\" alt=\"\" class=\"wp-image-279\" width=\"496\" height=\"309\" srcset=\"https:\/\/www.lommabridgen.se\/wordpress\/wp-content\/uploads\/2021\/08\/Skarmbild-2021-08-24-145809.jpg 829w, https:\/\/www.lommabridgen.se\/wordpress\/wp-content\/uploads\/2021\/08\/Skarmbild-2021-08-24-145809-300x187.jpg 300w, https:\/\/www.lommabridgen.se\/wordpress\/wp-content\/uploads\/2021\/08\/Skarmbild-2021-08-24-145809-768x478.jpg 768w\" sizes=\"auto, (max-width: 496px) 100vw, 496px\" \/><figcaption>Sedan ser du att du \u00e4r anm\u00e4ld, och vilka andra som \u00e4r det<\/figcaption><\/figure><\/div>\n\n\n\n<div class=\"wp-block-image\"><figure class=\"aligncenter size-full is-resized\"><img loading=\"lazy\" decoding=\"async\" src=\"https:\/\/www.lommabridgen.se\/wordpress\/wp-content\/uploads\/2021\/08\/Skarmbild-2021-08-24-145959.jpg\" alt=\"\" class=\"wp-image-285\" width=\"492\" height=\"614\" srcset=\"https:\/\/www.lommabridgen.se\/wordpress\/wp-content\/uploads\/2021\/08\/Skarmbild-2021-08-24-145959.jpg 744w, https:\/\/www.lommabridgen.se\/wordpress\/wp-content\/uploads\/2021\/08\/Skarmbild-2021-08-24-145959-240x300.jpg 240w\" sizes=\"auto, (max-width: 492px) 100vw, 492px\" \/><figcaption>Skulle det bli f\u00f6r m\u00e5nga anm\u00e4lningar placeras de som reserver<\/figcaption><\/figure><\/div>\n\n\n\n<p><\/p>\n","protected":false},"excerpt":{"rendered":"<p>Fr\u00e5n h\u00f6stterminen 2021 \u00f6nskar vi att ni anm\u00e4ler er till t\u00e4vlingarna via n\u00e4tet. S\u00e5 h\u00e4r g\u00f6r man:Logga in p\u00e5 Bridgef\u00f6rbundets hemsida: http:\/\/www.svenskbridge.se\/user, och [&hellip;]<\/p>\n","protected":false},"author":1,"featured_media":0,"parent":0,"menu_order":0,"comment_status":"closed","ping_status":"closed","template":"","meta":{"footnotes":""},"class_list":["post-278","page","type-page","status-publish","hentry"],"_links":{"self":[{"href":"https:\/\/www.lommabridgen.se\/wordpress\/wp-json\/wp\/v2\/pages\/278","targetHints":{"allow":["GET"]}}],"collection":[{"href":"https:\/\/www.lommabridgen.se\/wordpress\/wp-json\/wp\/v2\/pages"}],"about":[{"href":"https:\/\/www.lommabridgen.se\/wordpress\/wp-json\/wp\/v2\/types\/page"}],"author":[{"embeddable":true,"href":"https:\/\/www.lommabridgen.se\/wordpress\/wp-json\/wp\/v2\/users\/1"}],"replies":[{"embeddable":true,"href":"https:\/\/www.lommabridgen.se\/wordpress\/wp-json\/wp\/v2\/comments?post=278"}],"version-history":[{"count":3,"href":"https:\/\/www.lommabridgen.se\/wordpress\/wp-json\/wp\/v2\/pages\/278\/revisions"}],"predecessor-version":[{"id":290,"href":"https:\/\/www.lommabridgen.se\/wordpress\/wp-json\/wp\/v2\/pages\/278\/revisions\/290"}],"wp:attachment":[{"href":"https:\/\/www.lommabridgen.se\/wordpress\/wp-json\/wp\/v2\/media?parent=278"}],"curies":[{"name":"wp","href":"https:\/\/api.w.org\/{rel}","templated":true}]}}