{"id":302,"date":"2021-09-15T15:14:08","date_gmt":"2021-09-15T14:14:08","guid":{"rendered":"https:\/\/www.lommabridgen.se\/wordpress\/?page_id=302"},"modified":"2024-04-17T13:22:33","modified_gmt":"2024-04-17T12:22:33","slug":"arsmoten","status":"publish","type":"page","link":"https:\/\/www.lommabridgen.se\/wordpress\/arsmoten\/","title":{"rendered":"\u00c5rsm\u00f6ten"},"content":{"rendered":"\n<h2 class=\"wp-block-heading\">Senare \u00e5rsm\u00f6ten<\/h2>\n\n\n\n<p>\u00c5rsm\u00f6ten efter 2021 finns p\u00e5 v\u00e5r <a href=\"https:\/\/www.svenskbridge.se\/lomma-bk\/%C3%A5rsm%C3%B6te-2022\">hemsida hos Bridgef\u00f6rbundet<\/a> <\/p>\n\n\n\n<h2 class=\"wp-block-heading has-text-color\" style=\"color:#727475\">\u00c5rsm\u00f6te 2021<\/h2>\n\n\n\n<p class=\"has-medium-pink-color has-text-color\">\u00c5rsm\u00f6tet h\u00e5lls m\u00e5ndagen 27 september kl 17:00 p\u00e5 Havsblick<\/p>\n\n\n\n<p>Dokumenten som ber\u00f6r \u00e5rsm\u00f6tet finns nedan, klicka p\u00e5 respektive rubrik:<\/p>\n\n\n\n<ul class=\"wp-block-list\">\n<li><a href=\"https:\/\/www.lommabridgen.se\/wordpress\/wp-content\/uploads\/2021\/09\/Kallelse-arsmote-2021.pdf\">Kallelse 2021<\/a><\/li>\n\n\n\n<li><a href=\"https:\/\/www.lommabridgen.se\/wordpress\/wp-content\/uploads\/2021\/09\/Dagordning-arsmote-2021.pdf\">Dagordning 2021<\/a><\/li>\n\n\n\n<li><a href=\"https:\/\/www.lommabridgen.se\/wordpress\/wp-content\/uploads\/2021\/09\/Verksamhetsberattelse-2019-2021.pdf\">Verksamhetsber\u00e4ttelse 2019 &#8211; 2021<\/a><\/li>\n\n\n\n<li><a href=\"https:\/\/www.lommabridgen.se\/wordpress\/wp-content\/uploads\/2021\/09\/Forslag-till-nya-stadgar.pdf\">F\u00f6rslag till nya stadgar<\/a>  &#8212;&#8211;  <a href=\"https:\/\/www.lommabridgen.se\/wordpress\/wp-content\/uploads\/2021\/09\/StadgarLommaBridgeklubb.pdf\">Nu g\u00e4llande stadgar<\/a><\/li>\n\n\n\n<li><a href=\"https:\/\/www.lommabridgen.se\/wordpress\/wp-content\/uploads\/2021\/09\/Arsredovisning-2019-2021.pdf\">\u00c5rsredovisning 2021<\/a><\/li>\n\n\n\n<li>Revisorernas rapport 2021<\/li>\n\n\n\n<li><a href=\"https:\/\/www.lommabridgen.se\/wordpress\/wp-content\/uploads\/2021\/09\/Arsmotesprotokoll_2021.pdf\">\u00c5rsm\u00f6tesprotokoll 2021<\/a><\/li>\n<\/ul>\n","protected":false},"excerpt":{"rendered":"<p>Senare \u00e5rsm\u00f6ten \u00c5rsm\u00f6ten efter 2021 finns p\u00e5 v\u00e5r hemsida hos Bridgef\u00f6rbundet \u00c5rsm\u00f6te 2021 \u00c5rsm\u00f6tet h\u00e5lls m\u00e5ndagen 27 september kl 17:00 p\u00e5 Havsblick Dokumenten [&hellip;]<\/p>\n","protected":false},"author":1,"featured_media":0,"parent":0,"menu_order":0,"comment_status":"closed","ping_status":"closed","template":"","meta":{"footnotes":""},"class_list":["post-302","page","type-page","status-publish","hentry"],"_links":{"self":[{"href":"https:\/\/www.lommabridgen.se\/wordpress\/wp-json\/wp\/v2\/pages\/302","targetHints":{"allow":["GET"]}}],"collection":[{"href":"https:\/\/www.lommabridgen.se\/wordpress\/wp-json\/wp\/v2\/pages"}],"about":[{"href":"https:\/\/www.lommabridgen.se\/wordpress\/wp-json\/wp\/v2\/types\/page"}],"author":[{"embeddable":true,"href":"https:\/\/www.lommabridgen.se\/wordpress\/wp-json\/wp\/v2\/users\/1"}],"replies":[{"embeddable":true,"href":"https:\/\/www.lommabridgen.se\/wordpress\/wp-json\/wp\/v2\/comments?post=302"}],"version-history":[{"count":13,"href":"https:\/\/www.lommabridgen.se\/wordpress\/wp-json\/wp\/v2\/pages\/302\/revisions"}],"predecessor-version":[{"id":823,"href":"https:\/\/www.lommabridgen.se\/wordpress\/wp-json\/wp\/v2\/pages\/302\/revisions\/823"}],"wp:attachment":[{"href":"https:\/\/www.lommabridgen.se\/wordpress\/wp-json\/wp\/v2\/media?parent=302"}],"curies":[{"name":"wp","href":"https:\/\/api.w.org\/{rel}","templated":true}]}}