{"id":401,"date":"2022-02-28T13:39:38","date_gmt":"2022-02-28T12:39:38","guid":{"rendered":"https:\/\/www.lommabridgen.se\/wordpress\/?page_id=401"},"modified":"2022-02-28T13:46:42","modified_gmt":"2022-02-28T12:46:42","slug":"underhall-av-bridgmate-ii-dosor","status":"publish","type":"page","link":"https:\/\/www.lommabridgen.se\/wordpress\/underhall-av-bridgmate-ii-dosor\/","title":{"rendered":"Underh\u00e5ll av Bridgemate II-dosor"},"content":{"rendered":"\n<p>H\u00e4r finns en instruktion p\u00e5 hur man reng\u00f6r Bridgemate II-dosorna. Det kan g\u00f6ras av en normalt h\u00e4ndig person:<\/p>\n\n\n<div class=\"ead-preview\"><div class=\"ead-document\" style=\"position: relative;padding-top: 90%;\"><div class=\"ead-iframe-wrapper\"><iframe src=\"\/\/docs.google.com\/viewer?url=https%3A%2F%2Fwww.lommabridgen.se%2Fwordpress%2Fwp-content%2Fuploads%2F2022%2F02%2FUnderhall-av-Bridgemate-II.pdf&amp;embedded=true&amp;hl=en\" title=\"Inb\u00e4ddat dokument\" class=\"ead-iframe\" style=\"width: 100%;height: 100%;border: none;position: absolute;left: 0;top: 0;visibility: hidden;\"><\/iframe><\/div>\t\t\t<div class=\"ead-document-loading\" style=\"width:100%;height:100%;position:absolute;left:0;top:0;z-index:10;\">\n\t\t\t\t<div class=\"ead-loading-wrap\">\n\t\t\t\t\t<div class=\"ead-loading-main\">\n\t\t\t\t\t\t<div class=\"ead-loading\">\n\t\t\t\t\t\t\t<img loading=\"lazy\" decoding=\"async\" src=\"https:\/\/www.lommabridgen.se\/wordpress\/wp-content\/plugins\/embed-any-document\/images\/loading.svg\" width=\"55\" height=\"55\" alt=\"Loader\">\n\t\t\t\t\t\t\t<span>Laddar in \u2026<\/span>\n\t\t\t\t\t\t<\/div>\n\t\t\t\t\t<\/div>\n\t\t\t\t\t<div class=\"ead-loading-foot\">\n\t\t\t\t\t\t<div class=\"ead-loading-foot-title\">\n\t\t\t\t\t\t\t<img loading=\"lazy\" decoding=\"async\" src=\"https:\/\/www.lommabridgen.se\/wordpress\/wp-content\/plugins\/embed-any-document\/images\/EAD-logo.svg\" alt=\"EAD-logga\" width=\"36\" height=\"23\"\/>\n\t\t\t\t\t\t\t<span>Tar det f\u00f6r l\u00e4nge?<\/span>\n\t\t\t\t\t\t<\/div>\n\t\t\t\t\t\t<p>\n\t\t\t\t\t\t\t<div class=\"ead-document-btn ead-reload-btn\" role=\"button\">\n\t\t\t\t\t\t\t\t<img loading=\"lazy\" decoding=\"async\" src=\"https:\/\/www.lommabridgen.se\/wordpress\/wp-content\/plugins\/embed-any-document\/images\/reload.svg\" alt=\"Ladda om\" width=\"12\" height=\"12\"\/> Ladda om dokument\t\t\t\t\t\t\t<\/div>\n\t\t\t\t\t\t\t<span>|<\/span>\n\t\t\t\t\t\t\t<a href=\"https:\/\/www.lommabridgen.se\/wordpress\/wp-content\/uploads\/2022\/02\/Underhall-av-Bridgemate-II.pdf\" class=\"ead-document-btn\" target=\"_blank\">\n\t\t\t\t\t\t\t\t<img loading=\"lazy\" decoding=\"async\" src=\"https:\/\/www.lommabridgen.se\/wordpress\/wp-content\/plugins\/embed-any-document\/images\/open.svg\" alt=\"\u00d6ppna\" width=\"12\" height=\"12\"\/> \u00d6ppna i ny flik\t\t\t\t\t\t\t<\/a>\n\t\t\t\t\t<\/div>\n\t\t\t\t<\/div>\n\t\t\t<\/div>\n\t\t<\/div><p class=\"embed_download\"><a href=\"https:\/\/www.lommabridgen.se\/wordpress\/wp-content\/uploads\/2022\/02\/Underhall-av-Bridgemate-II.pdf\" download>H\u00e4mta filen [566.70 KB] <\/a><\/p><\/div>","protected":false},"excerpt":{"rendered":"<p>H\u00e4r finns en instruktion p\u00e5 hur man reng\u00f6r Bridgemate II-dosorna. Det kan g\u00f6ras av en normalt h\u00e4ndig person:<\/p>\n","protected":false},"author":1,"featured_media":0,"parent":0,"menu_order":0,"comment_status":"closed","ping_status":"closed","template":"","meta":{"footnotes":""},"class_list":["post-401","page","type-page","status-publish","hentry"],"_links":{"self":[{"href":"https:\/\/www.lommabridgen.se\/wordpress\/wp-json\/wp\/v2\/pages\/401","targetHints":{"allow":["GET"]}}],"collection":[{"href":"https:\/\/www.lommabridgen.se\/wordpress\/wp-json\/wp\/v2\/pages"}],"about":[{"href":"https:\/\/www.lommabridgen.se\/wordpress\/wp-json\/wp\/v2\/types\/page"}],"author":[{"embeddable":true,"href":"https:\/\/www.lommabridgen.se\/wordpress\/wp-json\/wp\/v2\/users\/1"}],"replies":[{"embeddable":true,"href":"https:\/\/www.lommabridgen.se\/wordpress\/wp-json\/wp\/v2\/comments?post=401"}],"version-history":[{"count":2,"href":"https:\/\/www.lommabridgen.se\/wordpress\/wp-json\/wp\/v2\/pages\/401\/revisions"}],"predecessor-version":[{"id":404,"href":"https:\/\/www.lommabridgen.se\/wordpress\/wp-json\/wp\/v2\/pages\/401\/revisions\/404"}],"wp:attachment":[{"href":"https:\/\/www.lommabridgen.se\/wordpress\/wp-json\/wp\/v2\/media?parent=401"}],"curies":[{"name":"wp","href":"https:\/\/api.w.org\/{rel}","templated":true}]}}