{"id":48,"date":"2017-02-25T18:56:03","date_gmt":"2017-02-25T17:56:03","guid":{"rendered":"http:\/\/www.lommabridgen.se\/wordpress\/?page_id=48"},"modified":"2025-09-15T11:47:02","modified_gmt":"2025-09-15T10:47:02","slug":"startsidan","status":"publish","type":"page","link":"https:\/\/www.lommabridgen.se\/wordpress\/","title":{"rendered":"Startsida"},"content":{"rendered":"\n<div class=\"wp-block-button has-custom-width wp-block-button__width-100 is-style-fill\"><a class=\"wp-block-button__link has-base-2-color has-contrast-3-background-color has-text-color has-background has-dm-sans-font-family has-text-align-left has-custom-font-size wp-element-button\" href=\"http:\/\/www.svenskbridge.se\/lomma-bk\/nyheter\" style=\"border-radius:14px;padding-top:4px;padding-right:var(--wp--preset--spacing--30);padding-bottom:4px;padding-left:var(--wp--preset--spacing--30);box-shadow:var(--wp--preset--shadow--natural);font-size:1.7rem\">Nyheter &#8211; tryck h\u00e4r!<\/a><\/div>\n\n\n\n<hr class=\"wp-block-separator has-alpha-channel-opacity is-style-wide is-style-wide--1\"\/>\n\n\n\n<p class=\"has-text-color\" style=\"color:#6e0110;font-size:16px\">Den h\u00e4r sidan \u00e4r inte t\u00e4nkt att inneh\u00e5lla aktuella nyheter; dem hittar ni ist\u00e4llet om ni klickar p\u00e5  knappen h\u00e4r ovanf\u00f6r som leder till v\u00e5r hemsida hos Svenska Bridgef\u00f6rbundet.<\/p>\n\n\n\n<h3 class=\"wp-block-heading\">Om Lomma Bridgeklubb<\/h3>\n\n\n\n<p>V\u00e5r klubb har funnits sedan 1948. Vi spelar bridge tv\u00e5 kv\u00e4llar i veckan p\u00e5 Havsblick i Lomma. \u00c4ven om kampen \u00e4r h\u00e5rd om segrar och po\u00e4ng, s\u00e4tts trivseln i f\u00f6rsta hand.<\/p>\n\n\n\n<p>M\u00e5ndagar spelar vi med nationellt handikapp och scratch och b\u00f6rjar kl <strong>18:00<\/strong>. Kontakt: Berit Nilsson, tel. 0703-374637, mejl <a href=\"mailto:behagin@gmail.com\">evelina191105@gmail.com<\/a>; vi ordnar om m\u00f6jligt partner om Du saknar.<\/p>\n\n\n\n<p>Torsdagar <strong>18:00<\/strong> spelar vi enbart med handikapp.<br>Kontakt: Kjell H\u00f6gberg, 073-6628700, mejl <a href=\"mailto:kjell.i.hogberg@telia.com\">kjell.i.hogberg@telia.com<\/a> \u00e4ven om Du saknar partner.<\/p>\n\n\n\n<p>Det \u00e4r obligatoriskt med medlemskap i F\u00f6rbundet Svensk Bridge och i Lomma Bridgeklubb f\u00f6r att spela i klubben. Du som \u00e4r medlem i annan klubb kan bli g\u00e4stmedlem i Lomma Bridgeklubb mot en avgift av 50:&#8211;\/spel\u00e5r. <\/p>\n\n\n\n<p>De som vill kan k\u00f6pa ett rabatterat \u201dklippkort\u201d f\u00f6r 540:- kronor (avgift f\u00f6r 12 spel) .<br>Betala in kr 540:- till v\u00e5rt bankgiro nr 531-8951, s\u00e5 f\u00e5r du kortet p\u00e5f\u00f6ljande vecka. Kortet \u00e4r inte personligt. Man kan allts\u00e5 \u00e4ven betala f\u00f6r andra.<br><\/p>\n","protected":false},"excerpt":{"rendered":"<p>Den h\u00e4r sidan \u00e4r inte t\u00e4nkt att inneh\u00e5lla aktuella nyheter; dem hittar ni ist\u00e4llet om ni klickar p\u00e5 knappen h\u00e4r ovanf\u00f6r som leder [&hellip;]<\/p>\n","protected":false},"author":1,"featured_media":941,"parent":0,"menu_order":0,"comment_status":"closed","ping_status":"closed","template":"","meta":{"footnotes":""},"class_list":["post-48","page","type-page","status-publish","has-post-thumbnail","hentry"],"_links":{"self":[{"href":"https:\/\/www.lommabridgen.se\/wordpress\/wp-json\/wp\/v2\/pages\/48","targetHints":{"allow":["GET"]}}],"collection":[{"href":"https:\/\/www.lommabridgen.se\/wordpress\/wp-json\/wp\/v2\/pages"}],"about":[{"href":"https:\/\/www.lommabridgen.se\/wordpress\/wp-json\/wp\/v2\/types\/page"}],"author":[{"embeddable":true,"href":"https:\/\/www.lommabridgen.se\/wordpress\/wp-json\/wp\/v2\/users\/1"}],"replies":[{"embeddable":true,"href":"https:\/\/www.lommabridgen.se\/wordpress\/wp-json\/wp\/v2\/comments?post=48"}],"version-history":[{"count":87,"href":"https:\/\/www.lommabridgen.se\/wordpress\/wp-json\/wp\/v2\/pages\/48\/revisions"}],"predecessor-version":[{"id":984,"href":"https:\/\/www.lommabridgen.se\/wordpress\/wp-json\/wp\/v2\/pages\/48\/revisions\/984"}],"wp:featuredmedia":[{"embeddable":true,"href":"https:\/\/www.lommabridgen.se\/wordpress\/wp-json\/wp\/v2\/media\/941"}],"wp:attachment":[{"href":"https:\/\/www.lommabridgen.se\/wordpress\/wp-json\/wp\/v2\/media?parent=48"}],"curies":[{"name":"wp","href":"https:\/\/api.w.org\/{rel}","templated":true}]}}