{"id":987,"date":"2026-04-27T20:58:43","date_gmt":"2026-04-27T19:58:43","guid":{"rendered":"https:\/\/www.lommabridgen.se\/wordpress\/?page_id=987"},"modified":"2026-04-27T21:56:17","modified_gmt":"2026-04-27T20:56:17","slug":"en-knepig-giv","status":"publish","type":"page","link":"https:\/\/www.lommabridgen.se\/wordpress\/en-knepig-giv\/","title":{"rendered":"En knepig giv"},"content":{"rendered":"\n<p>Jag spelar r\u00e4tt ofta p\u00e5 BBO:s patienssidor, dvs mot tre robotar. Budsystemet \u00e4r i b\u00f6rjan r\u00e4tt enkel &#8211; 5-korts h\u00f6gf\u00e4rgs\u00f6ppningar, men n\u00e4r man kommer l\u00e4ngre \u00e4r det mer sv\u00e5rbegripligt. S\u00e5 ibland f\u00f6rst\u00e5r man inte de andras bud riktigt, och ibland f\u00f6rst\u00e5r partnerroboten inte vad jag menar. Men spelet \u00e4r r\u00e4ttframt och d\u00e4r kan man l\u00e4ra sig en del.<br>H\u00e4romdagen, fick jag upp den \u00e4r handen, alla i zon och jag syd och giv:<\/p>\n\n\n\n<figure class=\"wp-block-image size-full\"><img loading=\"lazy\" decoding=\"async\" width=\"567\" height=\"331\" src=\"https:\/\/www.lommabridgen.se\/wordpress\/wp-content\/uploads\/2026\/04\/BridgegivSydLiten.jpg\" alt=\"\" class=\"wp-image-988\" srcset=\"https:\/\/www.lommabridgen.se\/wordpress\/wp-content\/uploads\/2026\/04\/BridgegivSydLiten.jpg 567w, https:\/\/www.lommabridgen.se\/wordpress\/wp-content\/uploads\/2026\/04\/BridgegivSydLiten-300x175.jpg 300w\" sizes=\"auto, (max-width: 567px) 100vw, 567px\" \/><\/figure>\n\n\n\n<p>Jag \u00f6ppnar med 1 kl\u00f6ver<br>V\u00e4st passar, och forts\u00e4tter med det hela budronden<br>Min partner bjuder 1 ruter<br>\u00d6st passar, och forts\u00e4tter med det hela budronden<br>Jag 1 hj\u00e4rter<br>Partner 2 ruter<br>Jag 2 NT<br>Sedan minns jag inte riktigt, men partnern och jag bj\u00f6d \u00f6ver varandra och vi slutade i 7 hj\u00e4rter som jag bj\u00f6d i ren trots mot partnern som inte vill sluta med sina ruter.<br>Det h\u00e4r kommer ju aldrig att g\u00e5 hem t\u00e4nkte jag, det blir massor med straff, jag har 14 p och partnern har inte visat n\u00e5gon \u00f6verstyrka.<\/p>\n\n\n\n<p>S\u00e5 kommer utspelet och tr\u00e4karlen kommer upp, se lite l\u00e4ngre ner:<\/p>\n\n\n\n<div style=\"height:299px\" aria-hidden=\"true\" class=\"wp-block-spacer\"><\/div>\n\n\n\n<p><br><\/p>\n\n\n\n<figure class=\"wp-block-image size-full\"><img loading=\"lazy\" decoding=\"async\" width=\"567\" height=\"331\" src=\"https:\/\/www.lommabridgen.se\/wordpress\/wp-content\/uploads\/2026\/04\/BridgegivUtspelLiten.jpg\" alt=\"\" class=\"wp-image-989\" srcset=\"https:\/\/www.lommabridgen.se\/wordpress\/wp-content\/uploads\/2026\/04\/BridgegivUtspelLiten.jpg 567w, https:\/\/www.lommabridgen.se\/wordpress\/wp-content\/uploads\/2026\/04\/BridgegivUtspelLiten-300x175.jpg 300w\" sizes=\"auto, (max-width: 567px) 100vw, 567px\" \/><\/figure>\n\n\n\n<p>Hm, hur m\u00e5nga stick kan jag ta?<br>Vad tror ni?<br>Hela given lite l\u00e4ngre ner med DubbelDummy-analysen ger svaret:<\/p>\n\n\n\n<div style=\"height:300px\" aria-hidden=\"true\" class=\"wp-block-spacer\"><\/div>\n\n\n\n<figure class=\"wp-block-image size-full\"><img loading=\"lazy\" decoding=\"async\" width=\"567\" height=\"331\" src=\"https:\/\/www.lommabridgen.se\/wordpress\/wp-content\/uploads\/2026\/04\/BridgegivHelaLiten.jpg\" alt=\"\" class=\"wp-image-990\" srcset=\"https:\/\/www.lommabridgen.se\/wordpress\/wp-content\/uploads\/2026\/04\/BridgegivHelaLiten.jpg 567w, https:\/\/www.lommabridgen.se\/wordpress\/wp-content\/uploads\/2026\/04\/BridgegivHelaLiten-300x175.jpg 300w\" sizes=\"auto, (max-width: 567px) 100vw, 567px\" \/><\/figure>\n\n\n\n<p>H\u00e4r finns given spelbar p\u00e5 <a href=\"https:\/\/www.svenskbridge.se\/DDE\/?PBN=E:Q8542.62.QT4.KJT A73.AK54.K3.9742 KJT96.QT.76.Q865 .J9873.AJ9852.A3&amp;Contract=7H&amp;Declarer=S\" target=\"_blank\" rel=\"noreferrer noopener\">BridgeSkalis<\/a><\/p>\n\n\n\n<p>H\u00e4lsningar, Peter, 2026-04-27<\/p>\n\n\n\n<p><\/p>\n","protected":false},"excerpt":{"rendered":"<p>Jag spelar r\u00e4tt ofta p\u00e5 BBO:s patienssidor, dvs mot tre robotar. Budsystemet \u00e4r i b\u00f6rjan r\u00e4tt enkel &#8211; 5-korts h\u00f6gf\u00e4rgs\u00f6ppningar, men n\u00e4r man [&hellip;]<\/p>\n","protected":false},"author":1,"featured_media":0,"parent":0,"menu_order":0,"comment_status":"closed","ping_status":"closed","template":"","meta":{"footnotes":""},"class_list":["post-987","page","type-page","status-publish","hentry"],"_links":{"self":[{"href":"https:\/\/www.lommabridgen.se\/wordpress\/wp-json\/wp\/v2\/pages\/987","targetHints":{"allow":["GET"]}}],"collection":[{"href":"https:\/\/www.lommabridgen.se\/wordpress\/wp-json\/wp\/v2\/pages"}],"about":[{"href":"https:\/\/www.lommabridgen.se\/wordpress\/wp-json\/wp\/v2\/types\/page"}],"author":[{"embeddable":true,"href":"https:\/\/www.lommabridgen.se\/wordpress\/wp-json\/wp\/v2\/users\/1"}],"replies":[{"embeddable":true,"href":"https:\/\/www.lommabridgen.se\/wordpress\/wp-json\/wp\/v2\/comments?post=987"}],"version-history":[{"count":7,"href":"https:\/\/www.lommabridgen.se\/wordpress\/wp-json\/wp\/v2\/pages\/987\/revisions"}],"predecessor-version":[{"id":999,"href":"https:\/\/www.lommabridgen.se\/wordpress\/wp-json\/wp\/v2\/pages\/987\/revisions\/999"}],"wp:attachment":[{"href":"https:\/\/www.lommabridgen.se\/wordpress\/wp-json\/wp\/v2\/media?parent=987"}],"curies":[{"name":"wp","href":"https:\/\/api.w.org\/{rel}","templated":true}]}}